{"id":23,"date":"2020-06-03T13:20:43","date_gmt":"2020-06-03T10:20:43","guid":{"rendered":"http:\/\/demo.safirtema.com\/rota\/?page_id=23"},"modified":"2020-12-14T13:33:59","modified_gmt":"2020-12-14T10:33:59","slug":"cozum-ortaklari","status":"publish","type":"page","link":"https:\/\/nowlandcocoa.com\/?page_id=23","title":{"rendered":"\u00c7\u00f6z\u00fcm Ortaklar\u0131"},"content":{"rendered":"\n<figure class=\"wp-block-gallery columns-3 is-cropped wp-block-gallery-1 is-layout-flex wp-block-gallery-is-layout-flex\"><ul class=\"blocks-gallery-grid\"><li class=\"blocks-gallery-item\"><figure><img loading=\"lazy\" decoding=\"async\" width=\"300\" height=\"167\" src=\"https:\/\/nowlandcocoa.com\/wp-content\/uploads\/2020\/12\/ref1-300x167.png\" alt=\"\" data-id=\"108\" data-full-url=\"https:\/\/nowlandcocoa.com\/wp-content\/uploads\/2020\/12\/ref1.png\" data-link=\"https:\/\/nowlandcocoa.com\/cozum-ortaklari\/ref1\/\" class=\"wp-image-108\" srcset=\"https:\/\/nowlandcocoa.com\/wp-content\/uploads\/2020\/12\/ref1-300x167.png 300w, https:\/\/nowlandcocoa.com\/wp-content\/uploads\/2020\/12\/ref1.png 360w\" sizes=\"auto, (max-width: 300px) 100vw, 300px\" \/><\/figure><\/li><li class=\"blocks-gallery-item\"><figure><img loading=\"lazy\" decoding=\"async\" width=\"235\" height=\"100\" src=\"https:\/\/nowlandcocoa.com\/wp-content\/uploads\/2020\/12\/ref2.png\" alt=\"\" data-id=\"109\" data-full-url=\"https:\/\/nowlandcocoa.com\/wp-content\/uploads\/2020\/12\/ref2.png\" data-link=\"https:\/\/nowlandcocoa.com\/cozum-ortaklari\/ref2\/\" class=\"wp-image-109\"\/><\/figure><\/li><li class=\"blocks-gallery-item\"><figure><img loading=\"lazy\" decoding=\"async\" width=\"300\" height=\"104\" src=\"https:\/\/nowlandcocoa.com\/wp-content\/uploads\/2020\/12\/ref3-300x104.png\" alt=\"\" data-id=\"110\" data-full-url=\"https:\/\/nowlandcocoa.com\/wp-content\/uploads\/2020\/12\/ref3.png\" data-link=\"https:\/\/nowlandcocoa.com\/cozum-ortaklari\/ref3\/\" class=\"wp-image-110\" srcset=\"https:\/\/nowlandcocoa.com\/wp-content\/uploads\/2020\/12\/ref3-300x104.png 300w, https:\/\/nowlandcocoa.com\/wp-content\/uploads\/2020\/12\/ref3.png 579w\" sizes=\"auto, (max-width: 300px) 100vw, 300px\" \/><\/figure><\/li><li class=\"blocks-gallery-item\"><figure><img loading=\"lazy\" decoding=\"async\" width=\"300\" height=\"70\" src=\"https:\/\/nowlandcocoa.com\/wp-content\/uploads\/2020\/12\/ref4-300x70.png\" alt=\"\" data-id=\"111\" data-full-url=\"https:\/\/nowlandcocoa.com\/wp-content\/uploads\/2020\/12\/ref4.png\" data-link=\"https:\/\/nowlandcocoa.com\/cozum-ortaklari\/ref4\/\" class=\"wp-image-111\" srcset=\"https:\/\/nowlandcocoa.com\/wp-content\/uploads\/2020\/12\/ref4-300x70.png 300w, https:\/\/nowlandcocoa.com\/wp-content\/uploads\/2020\/12\/ref4-768x178.png 768w, https:\/\/nowlandcocoa.com\/wp-content\/uploads\/2020\/12\/ref4.png 863w\" sizes=\"auto, (max-width: 300px) 100vw, 300px\" \/><\/figure><\/li><li class=\"blocks-gallery-item\"><figure><img loading=\"lazy\" decoding=\"async\" width=\"260\" height=\"100\" src=\"https:\/\/nowlandcocoa.com\/wp-content\/uploads\/2020\/12\/ref5.png\" alt=\"\" data-id=\"112\" data-full-url=\"https:\/\/nowlandcocoa.com\/wp-content\/uploads\/2020\/12\/ref5.png\" data-link=\"https:\/\/nowlandcocoa.com\/cozum-ortaklari\/ref5\/\" class=\"wp-image-112\"\/><\/figure><\/li><li class=\"blocks-gallery-item\"><figure><img loading=\"lazy\" decoding=\"async\" width=\"300\" height=\"178\" src=\"https:\/\/nowlandcocoa.com\/wp-content\/uploads\/2020\/12\/ref6-300x178.png\" alt=\"\" data-id=\"113\" data-full-url=\"https:\/\/nowlandcocoa.com\/wp-content\/uploads\/2020\/12\/ref6.png\" data-link=\"https:\/\/nowlandcocoa.com\/cozum-ortaklari\/ref6\/\" class=\"wp-image-113\" srcset=\"https:\/\/nowlandcocoa.com\/wp-content\/uploads\/2020\/12\/ref6-300x178.png 300w, https:\/\/nowlandcocoa.com\/wp-content\/uploads\/2020\/12\/ref6.png 338w\" sizes=\"auto, (max-width: 300px) 100vw, 300px\" \/><\/figure><\/li><li class=\"blocks-gallery-item\"><figure><img loading=\"lazy\" decoding=\"async\" width=\"300\" height=\"120\" src=\"https:\/\/nowlandcocoa.com\/wp-content\/uploads\/2020\/12\/ref7-300x120.png\" alt=\"\" data-id=\"114\" data-full-url=\"https:\/\/nowlandcocoa.com\/wp-content\/uploads\/2020\/12\/ref7.png\" data-link=\"https:\/\/nowlandcocoa.com\/cozum-ortaklari\/ref7\/\" class=\"wp-image-114\" srcset=\"https:\/\/nowlandcocoa.com\/wp-content\/uploads\/2020\/12\/ref7-300x120.png 300w, https:\/\/nowlandcocoa.com\/wp-content\/uploads\/2020\/12\/ref7.png 500w\" sizes=\"auto, (max-width: 300px) 100vw, 300px\" \/><\/figure><\/li><li class=\"blocks-gallery-item\"><figure><img loading=\"lazy\" decoding=\"async\" width=\"300\" height=\"135\" src=\"https:\/\/nowlandcocoa.com\/wp-content\/uploads\/2020\/12\/ref8-300x135.png\" alt=\"\" data-id=\"115\" data-full-url=\"https:\/\/nowlandcocoa.com\/wp-content\/uploads\/2020\/12\/ref8.png\" data-link=\"https:\/\/nowlandcocoa.com\/cozum-ortaklari\/ref8\/\" class=\"wp-image-115\" srcset=\"https:\/\/nowlandcocoa.com\/wp-content\/uploads\/2020\/12\/ref8-300x135.png 300w, https:\/\/nowlandcocoa.com\/wp-content\/uploads\/2020\/12\/ref8.png 446w\" sizes=\"auto, (max-width: 300px) 100vw, 300px\" \/><\/figure><\/li><li class=\"blocks-gallery-item\"><figure><img loading=\"lazy\" decoding=\"async\" width=\"300\" height=\"123\" src=\"https:\/\/nowlandcocoa.com\/wp-content\/uploads\/2020\/12\/ref9-300x123.png\" alt=\"\" data-id=\"116\" data-full-url=\"https:\/\/nowlandcocoa.com\/wp-content\/uploads\/2020\/12\/ref9.png\" data-link=\"https:\/\/nowlandcocoa.com\/cozum-ortaklari\/ref9\/\" class=\"wp-image-116\" srcset=\"https:\/\/nowlandcocoa.com\/wp-content\/uploads\/2020\/12\/ref9-300x123.png 300w, https:\/\/nowlandcocoa.com\/wp-content\/uploads\/2020\/12\/ref9.png 450w\" sizes=\"auto, (max-width: 300px) 100vw, 300px\" \/><\/figure><\/li><\/ul><\/figure>\n","protected":false},"excerpt":{"rendered":"","protected":false},"author":1,"featured_media":0,"parent":0,"menu_order":0,"comment_status":"closed","ping_status":"closed","template":"pages\/page-references.php","meta":{"footnotes":""},"class_list":["post-23","page","type-page","status-publish","hentry"],"aioseo_notices":[],"_links":{"self":[{"href":"https:\/\/nowlandcocoa.com\/index.php?rest_route=\/wp\/v2\/pages\/23","targetHints":{"allow":["GET"]}}],"collection":[{"href":"https:\/\/nowlandcocoa.com\/index.php?rest_route=\/wp\/v2\/pages"}],"about":[{"href":"https:\/\/nowlandcocoa.com\/index.php?rest_route=\/wp\/v2\/types\/page"}],"author":[{"embeddable":true,"href":"https:\/\/nowlandcocoa.com\/index.php?rest_route=\/wp\/v2\/users\/1"}],"replies":[{"embeddable":true,"href":"https:\/\/nowlandcocoa.com\/index.php?rest_route=%2Fwp%2Fv2%2Fcomments&post=23"}],"version-history":[{"count":2,"href":"https:\/\/nowlandcocoa.com\/index.php?rest_route=\/wp\/v2\/pages\/23\/revisions"}],"predecessor-version":[{"id":117,"href":"https:\/\/nowlandcocoa.com\/index.php?rest_route=\/wp\/v2\/pages\/23\/revisions\/117"}],"wp:attachment":[{"href":"https:\/\/nowlandcocoa.com\/index.php?rest_route=%2Fwp%2Fv2%2Fmedia&parent=23"}],"curies":[{"name":"wp","href":"https:\/\/api.w.org\/{rel}","templated":true}]}}